{"id":2,"date":"2016-05-10T03:48:21","date_gmt":"2016-05-10T03:48:21","guid":{"rendered":"http:\/\/gamzeguney.com.tr\/?page_id=2"},"modified":"2023-07-03T22:17:17","modified_gmt":"2023-07-03T19:17:17","slug":"sample-page","status":"publish","type":"page","link":"https:\/\/www.gamzeguney.com.tr\/?page_id=2","title":{"rendered":"Hakk\u0131mda"},"content":{"rendered":"\n<p class=\"has-white-color has-text-color\">T\u00fcm \u00f6\u011frenim hayat\u0131m Ankara&#8217;da ge\u00e7ti. Hacettepe \u00dcniversitesi&#8217;ndeki \u00f6\u011frenimimin ard\u0131ndan \u0130\u015fletme Y\u00f6netimi alan\u0131nda (\u0130K-Yetkinlik Bazl\u0131 M\u00fclakat Teknikleri) y\u00fcksek lisans \u00f6\u011frenimimi tamamlad\u0131m.Yakla\u015f\u0131k 24 y\u0131ld\u0131r mesle\u011fin i\u00e7indeyim. Mali M\u00fc\u015favir-Denet\u00e7i-Hile ve Suiistimal Denet\u00e7isi olarak \u00e7e\u015fitli b\u00fcy\u00fck \u00f6l\u00e7ekli i\u015fletmelerde g\u00f6rev yapt\u0131m. Uzmanl\u0131k alanlar\u0131m KDV \u0130adesi, Finansal Y\u00f6netim, Finans Matemati\u011fi, Hile ve Suiistimal Denetimi, \u0130\u00e7 Denetim-\u0130\u00e7 Kontrol Sistemlerinin Kurulmas\u0131, D\u0131\u015f Ticaret Muhasebesi, STK Mali \u0130\u015flemleri, \u0130\u015fletmelerde ERP sistem entegrasyonu. \u0130yi d\u00fczeyde \u0130ngilizce bilmekteyim. ACCA ruhsat s\u00fcrecim devam etmektedir.<\/p>\n\n\n\n<p class=\"has-white-color has-text-color\">\u0130leti\u015fim: gamze@gamzeguney.com.tr<\/p>\n","protected":false},"excerpt":{"rendered":"<p>T\u00fcm \u00f6\u011frenim hayat\u0131m Ankara&#8217;da ge\u00e7ti. Hacettepe \u00dcniversitesi&#8217;ndeki \u00f6\u011frenimimin ard\u0131ndan \u0130\u015fletme Y\u00f6netimi alan\u0131nda (\u0130K-Yetkinlik Bazl\u0131 M\u00fclakat Teknikleri) y\u00fcksek lisans \u00f6\u011frenimimi tamamlad\u0131m.Yakla\u015f\u0131k 24 y\u0131ld\u0131r mesle\u011fin i\u00e7indeyim. Mali M\u00fc\u015favir-Denet\u00e7i-Hile ve Suiistimal Denet\u00e7isi olarak \u00e7e\u015fitli b\u00fcy\u00fck \u00f6l\u00e7ekli i\u015fletmelerde g\u00f6rev yapt\u0131m. Uzmanl\u0131k alanlar\u0131m KDV \u0130adesi, Finansal Y\u00f6netim, Finans Matemati\u011fi, Hile ve Suiistimal Denetimi, \u0130\u00e7 Denetim-\u0130\u00e7 Kontrol Sistemlerinin Kurulmas\u0131, D\u0131\u015f Ticaret [&hellip;]<\/p>\n","protected":false},"author":2,"featured_media":0,"parent":0,"menu_order":0,"comment_status":"closed","ping_status":"open","template":"","meta":{"_themeisle_gutenberg_block_has_review":false},"_links":{"self":[{"href":"https:\/\/www.gamzeguney.com.tr\/index.php?rest_route=\/wp\/v2\/pages\/2"}],"collection":[{"href":"https:\/\/www.gamzeguney.com.tr\/index.php?rest_route=\/wp\/v2\/pages"}],"about":[{"href":"https:\/\/www.gamzeguney.com.tr\/index.php?rest_route=\/wp\/v2\/types\/page"}],"author":[{"embeddable":true,"href":"https:\/\/www.gamzeguney.com.tr\/index.php?rest_route=\/wp\/v2\/users\/2"}],"replies":[{"embeddable":true,"href":"https:\/\/www.gamzeguney.com.tr\/index.php?rest_route=%2Fwp%2Fv2%2Fcomments&post=2"}],"version-history":[{"count":6,"href":"https:\/\/www.gamzeguney.com.tr\/index.php?rest_route=\/wp\/v2\/pages\/2\/revisions"}],"predecessor-version":[{"id":59,"href":"https:\/\/www.gamzeguney.com.tr\/index.php?rest_route=\/wp\/v2\/pages\/2\/revisions\/59"}],"wp:attachment":[{"href":"https:\/\/www.gamzeguney.com.tr\/index.php?rest_route=%2Fwp%2Fv2%2Fmedia&parent=2"}],"curies":[{"name":"wp","href":"https:\/\/api.w.org\/{rel}","templated":true}]}}